{"id":3275,"date":"2020-04-17T11:56:57","date_gmt":"2020-04-17T09:56:57","guid":{"rendered":"https:\/\/www.elpom.cz\/produkty\/produkt\/adapter-univerz-zakonceni-bajonetove-zakonceni\/"},"modified":"2022-06-21T11:52:56","modified_gmt":"2022-06-21T09:52:56","slug":"ppol-adapter-universal-end-fitting-bayonet-end-fitting","status":"publish","type":"product","link":"https:\/\/www.elpom.cz\/en\/produkty\/produkt\/ppol-adapter-universal-end-fitting-bayonet-end-fitting\/","title":{"rendered":"PPOL adapter (universal end fitting\/bayonet end fitting)"},"content":{"rendered":"<p>PPOL adapter (universal end fitting\/bayonet end fitting).<\/p>\n<div class=\"tlid-input input\">\n<div class=\"source-wrap\">\n<div class=\"input-full-height-wrapper tlid-input-full-height-wrapper\">\n<div class=\"source-input\">\n<div class=\"source-footer-wrap source-or-target-footer\">\n<div class=\"character-count tlid-character-count\"><\/div>\n<\/div>\n<\/div>\n<\/div>\n<\/div>\n<\/div>\n<div class=\"tlid-results-container results-container\">\n<div class=\"tlid-result result-dict-wrapper\">\n<div class=\"result tlid-copy-target\">\n<div class=\"result-header\">\n<div class=\"starbutton jfk-button-flat jfk-button unstarred\" tabindex=\"0\" role=\"button\" aria-label=\"Ozna\u010dit p\u0159eklad hv\u011bzdi\u010dkou\" data-tooltip=\"Ozna\u010dit p\u0159eklad hv\u011bzdi\u010dkou\" data-tooltip-align=\"t,c\">\n<div class=\"jfk-button-img\">Suitable for use with the multifunctional telescopic insulating stick PPOL.<\/div>\n<\/div>\n<\/div>\n<\/div>\n<\/div>\n<\/div>\n","protected":false},"excerpt":{"rendered":"<p><strong>Catalog number:<\/strong> UBF<\/p>\n","protected":false},"featured_media":3276,"template":"","meta":[],"product_brand":[],"product_cat":[95],"product_tag":[],"class_list":{"0":"post-3275","1":"product","2":"type-product","3":"status-publish","4":"has-post-thumbnail","6":"product_cat-multipurpose-telescopic-insulating-sticks-and-accessories","8":"first","9":"instock","10":"taxable","11":"shipping-taxable","12":"purchasable","13":"product-type-simple"},"_links":{"self":[{"href":"https:\/\/www.elpom.cz\/en\/wp-json\/wp\/v2\/product\/3275","targetHints":{"allow":["GET"]}}],"collection":[{"href":"https:\/\/www.elpom.cz\/en\/wp-json\/wp\/v2\/product"}],"about":[{"href":"https:\/\/www.elpom.cz\/en\/wp-json\/wp\/v2\/types\/product"}],"wp:featuredmedia":[{"embeddable":true,"href":"https:\/\/www.elpom.cz\/en\/wp-json\/wp\/v2\/media\/3276"}],"wp:attachment":[{"href":"https:\/\/www.elpom.cz\/en\/wp-json\/wp\/v2\/media?parent=3275"}],"wp:term":[{"taxonomy":"product_brand","embeddable":true,"href":"https:\/\/www.elpom.cz\/en\/wp-json\/wp\/v2\/product_brand?post=3275"},{"taxonomy":"product_cat","embeddable":true,"href":"https:\/\/www.elpom.cz\/en\/wp-json\/wp\/v2\/product_cat?post=3275"},{"taxonomy":"product_tag","embeddable":true,"href":"https:\/\/www.elpom.cz\/en\/wp-json\/wp\/v2\/product_tag?post=3275"}],"curies":[{"name":"wp","href":"https:\/\/api.w.org\/{rel}","templated":true}]}}