{"id":3528,"date":"2020-04-09T13:34:20","date_gmt":"2020-04-09T11:34:20","guid":{"rendered":"https:\/\/www.elpom.cz\/produkty\/produkt\/ochranna-prilba-msa-1000-v-se-stitem-gs-et-29-trida-1\/"},"modified":"2024-10-08T08:56:59","modified_gmt":"2024-10-08T06:56:59","slug":"safety-helmet-1000-v-with-integrated-face-shield","status":"publish","type":"product","link":"https:\/\/www.elpom.cz\/en\/produkty\/produkt\/safety-helmet-1000-v-with-integrated-face-shield\/","title":{"rendered":"Safety helmet 1000 V with integrated face shield"},"content":{"rendered":"<p>Balanced lightweight electrician\u2019s safety helmet, non-vented, with 6-point Fas-Trac\u00ae III ratchet suspension and GS-ET-29 class 1 face shield certified for protection against arc flash. For use where top impact hazards to the head, chemical splash, Ultra-Violet radiation, molten metal splash or electric arc to the face exist.<\/p>\n<p><strong>Helmet Features<\/strong><\/p>\n<ul>\n<li>Made of ABS for strength and lateral crush protection (LD option)<\/li>\n<li>Modern, dynamic with sports styled shell<\/li>\n<li>Low profile (patented visor mechanism which minimises helmet shell size)<\/li>\n<li>Channel around perimeter of the helmet diverts rain and debris from user<\/li>\n<li>Anti-static assembly; certified electrostatic-INERIS for use in ATEX\/explosive environments<\/li>\n<li>Protection against molten metal (MM option)<\/li>\n<li>Electrically insulating helmet meeting EN 397 440 V AC and EN 50365 1000 V AC<\/li>\n<li>Compatible with hearing protection\u2022Complete with 4-point chinstrap for better helmet retention<\/li>\n<li>Helmet delivered in a protective reusable storage bag<\/li>\n<li>Optional: chin cup made with arc flash resistant materials<\/li>\n<\/ul>\n<p><strong>Suspension Features<\/strong><\/p>\n<ul>\n<li>6-point Fas-Trac\u00ae III ratchet suspension with premium washable and replaceable sweatband<\/li>\n<li>Head straps in woven polyester providing high comfort and long term, consistent shock absorption performance<\/li>\n<li>Balance and stability with a lower nape strap\u2022Comfort pad to separate the ratchet from the head increasing comfort and cooling airflow<\/li>\n<li>Ratchet offers smooth rotation<\/li>\n<li>Easy grip knob adjustable even with gloves<\/li>\n<li>Three levels of nape height adjustment giving superior fit<\/li>\n<\/ul>\n<p><strong>Face Shield Features<\/strong><\/p>\n<ul>\n<li>Protects against impact, chemical splash, Ultra-Violet radiation, molten metal splash and electric arc to GS-ET-29 class 1 (4kA)<\/li>\n<li>Premium anti-fog\/anti-scratch coated visor fits over all corrective and safety glasses<\/li>\n<li>Reliable single handed smooth movement, even gloved<\/li>\n<li>2 face shield positions (up or completely down)<\/li>\n<li>Tool free lens replacement<\/li>\n<\/ul>\n<p>&nbsp;<\/p>\n<p>Storage time (helmet not used): <strong>3 years<\/strong><\/p>\n<p>Service life (in addition to storage time): <strong>5 years<\/strong><\/p>\n<p>Eye and face protectors have a service life of 4 years including storage time.<\/p>\n<p>MSA recommends noting the date of first use on the sticker (supplied with the helmet) and affixing it to the shell. This is usually the start date of the service life.<\/p>\n<p>NOTE: The &#8220;date code&#8221; on the edge of the MSA helmet indicates the date of manufacture (shell), not the actual date of commencement of use, as the time between the date of manufacture and the actual distribution to the user varies.<\/p>\n<p>&nbsp;<\/p>\n<p>According to:<\/p>\n<p><strong>GS-ET-29 T\u0158\u00cdDA 1<\/strong><\/p>\n<p><strong>\u010cSN EN 166<\/strong><\/p>\n<p><strong>\u010cSN EN 397<\/strong><\/p>\n<p><strong>\u010cSN EN 50365<\/strong><\/p>\n<p>&nbsp;<\/p>\n","protected":false},"excerpt":{"rendered":"<p><strong>Katalogov\u00e9 \u010d\u00edslo:<\/strong> 915000<\/p>\n","protected":false},"featured_media":7136,"template":"","meta":[],"product_brand":[],"product_cat":[106],"product_tag":[],"class_list":{"0":"post-3528","1":"product","2":"type-product","3":"status-publish","4":"has-post-thumbnail","6":"product_cat-safety-helmets-face-shield-and-glasses","8":"first","9":"instock","10":"taxable","11":"shipping-taxable","12":"purchasable","13":"product-type-simple"},"_links":{"self":[{"href":"https:\/\/www.elpom.cz\/en\/wp-json\/wp\/v2\/product\/3528","targetHints":{"allow":["GET"]}}],"collection":[{"href":"https:\/\/www.elpom.cz\/en\/wp-json\/wp\/v2\/product"}],"about":[{"href":"https:\/\/www.elpom.cz\/en\/wp-json\/wp\/v2\/types\/product"}],"wp:featuredmedia":[{"embeddable":true,"href":"https:\/\/www.elpom.cz\/en\/wp-json\/wp\/v2\/media\/7136"}],"wp:attachment":[{"href":"https:\/\/www.elpom.cz\/en\/wp-json\/wp\/v2\/media?parent=3528"}],"wp:term":[{"taxonomy":"product_brand","embeddable":true,"href":"https:\/\/www.elpom.cz\/en\/wp-json\/wp\/v2\/product_brand?post=3528"},{"taxonomy":"product_cat","embeddable":true,"href":"https:\/\/www.elpom.cz\/en\/wp-json\/wp\/v2\/product_cat?post=3528"},{"taxonomy":"product_tag","embeddable":true,"href":"https:\/\/www.elpom.cz\/en\/wp-json\/wp\/v2\/product_tag?post=3528"}],"curies":[{"name":"wp","href":"https:\/\/api.w.org\/{rel}","templated":true}]}}